{"id":3,"date":"2024-10-15T09:59:34","date_gmt":"2024-10-15T09:59:34","guid":{"rendered":"https:\/\/auto-baterie.ro\/?page_id=3"},"modified":"2024-11-27T13:11:45","modified_gmt":"2024-11-27T11:11:45","slug":"privacy-policy","status":"publish","type":"page","link":"https:\/\/auto-baterie.ro\/?page_id=3","title":{"rendered":"Privacy Policy"},"content":{"rendered":"<div class=\"wp-block-group alignfull textCentrat is-vertical is-content-justification-stretch is-layout-flex wp-container-core-group-is-layout-5621715d wp-block-group-is-layout-flex\"><p>Acest website folose\u015fte cookie-uri proprii \u015fi de la ter\u0163i pentru a furniza vizitatorilor o experien\u0163\u0103 mult mai bun\u0103 de navigare \u015fi servicii adaptate nevoilor \u015fi interesului fiec\u0103ruia.<\/p>\n\n<p>\u00cen ceea ce numim &#8222;web 2.0&#8221;, &#8222;cookie&#8221;-urile joac\u0103 un rol important \u00een facilitarea accesului \u015fi livr\u0103rii multiplelor servicii de care utilizatorul se bucur\u0103 pe internet, cum ar fi:<\/p>\n\n<p>\u2022 Personalizarea anumitor set\u0103ri precum: limba \u00een care este vizualizat un site, moneda \u00een care se exprim\u0103 anumite pre\u0163uri sau tarife, p\u0103strarea op\u0163iunilor pentru diverse produse (m\u0103suri, alte detalii etc) \u00een co\u015ful de cump\u0103r\u0103turi (\u015fi memorarea acestor op\u0163iuni) &#8211; gener\u00e2ndu-se astfel flexibilitatea &#8222;co\u015fului de cump\u0103r\u0103turi&#8221; (accesarea preferin\u0163elor vechi prin accesarea butonului &#8222;\u00eenainte&#8221; \u015fi &#8222;\u00eenapoi&#8221;)<\/p>\n\n<p>\u2022 Cookie-urile ofer\u0103 de\u0163in\u0103torilor de site-uri un feedback valoros asupra modului cum sunt utilizate site-urile lor de c\u0103tre utilizatori, astfel \u00eenc\u00e2t s\u0103 le poat\u0103 face \u015fi mai eficiente \u015fi mai accesibile pentru utilizatori.<\/p>\n\n<p>\u2022 Permit aplica\u0163iilor multimedia sau de alt tip de pe alte site-uri s\u0103 fie incluse \u00eentr-un anumit site pentru a crea o experien\u0163\u0103 de navigare mai valoroas\u0103, mai util\u0103 \u015fi mai pl\u0103cut\u0103;<\/p>\n\n<p>\u2022 \u00cembun\u0103t\u0103\u0163esc eficien\u0163a publicit\u0103\u0163ii online.<\/p>\n\n<p>Cookie-urile reprezint\u0103 punctul central al func\u0163ion\u0103rii eficiente a Internetului, ajut\u00e2nd la generarea unei experien\u0163e de navigare prietenoase \u015fi adaptat\u0103 preferin\u0163elor \u015fi intereselor fiec\u0103rui utilizator. Refuzarea sau dezactivarea cookieurilor poate face unele site-uri imposibil de folosit.<\/p>\n\n<p>Cookie-ul este un fi\u015fier de mici dimensiuni care va fi stocat pe computerul, terminalul mobil sau alte echipamente ale unui utilizator de pe care se acceseaz\u0103 internetul.<\/p>\n\n<p>Cookie-ul este instalat prin solicitarea emis\u0103 de c\u0103tre un web-server unui browser (ex: Internet Explorer, Chrome), este complet \u201cpasiv\u201d (nu contine programe software, viru\u015fi sau spyware \u015fi nu poate accesa informa\u0163iile de pe hard driverul utilizatorului).<\/p>\n\n<p>Aceste fi\u015fiere fac posibil\u0103 recunoa\u015fterea terminalului utilizatorului \u015fi prezentarea con\u0163inutului \u00eentr-un mod relevant, adaptat preferin\u0163elor utilizatorului.<\/p>\n\n<p>Cookieurile NU sunt viru\u015fi. Ele folosesc formate tip plain text. Nu pot fi executate, nici nu pot auto-rula. \u00cen consecin\u0163\u0103, nu se pot duplica sau replica pe alte re\u0163ele pentru a se rula sau replica din nou.<\/p>\n\n<p>Deoarece nu pot \u00eendeplini aceste func\u0163ii, nu pot fi considerate viru\u015fi.<\/p>\n\n<p>\u00cen general, o aplica\u0163ie folosit\u0103 pentru accesarea paginilor web permite salvarea Cookie-urilor pe terminal \u00een mod implicit. Aceste set\u0103ri pot fi schimbate \u00een a\u015fa fel \u00eenc\u00e2t administrarea automat\u0103 a Cookie-urilor s\u0103 fie blocat\u0103 de browser-ul web sau utilizatorul s\u0103 fie informat de fiecare dat\u0103 c\u00e2nd Cookie-uri sunt trimise c\u0103tre terminalul s\u0103u.<\/p>\n\n<p>Informa\u0163ii detaliate despre posibilit\u0103\u0163ile \u015fi modurile de administrare a Cookie-urilor pot fi g\u0103site \u00een zona de set\u0103ri a aplica\u0163iei (browser-ului web). Limitarea folosirii Cookie-urilor poate afecta anumite func\u0163ionalit\u0103\u0163i ale paginii web.<\/p>\n\n<p>Este posibil\u0103 setarea din browser pentru ca aceste cookie-uri s\u0103 nu mai fie acceptate sau po\u0163i seta browserul s\u0103 accepte cookie-uri de la un site anume.<\/p>\n\n<p>Toate browserele moderne ofer\u0103 posibilitatea de a schimba set\u0103rile cookie-urilor. Aceste set\u0103ri se g\u0103sesc de regula \u00een \u201cop\u0163iuni\u201d sau \u00een meniul de \u201cpreferin\u0163e\u201d al browserului t\u0103u.<\/p><\/div>","protected":false},"excerpt":{"rendered":"<p>Acest website folose\u015fte cookie-uri proprii \u015fi de la ter\u0163i pentru a furniza vizitatorilor o experien\u0163\u0103 mult mai bun\u0103 de navigare \u015fi servicii adaptate nevoilor \u015fi interesului fiec\u0103ruia. \u00cen ceea ce numim &#8222;web 2.0&#8221;, &#8222;cookie&#8221;-urile joac\u0103 un rol important \u00een facilitarea accesului \u015fi livr\u0103rii multiplelor servicii de care utilizatorul se bucur\u0103 pe internet, cum ar fi: [&hellip;]<\/p>\n","protected":false},"author":1,"featured_media":0,"parent":0,"menu_order":0,"comment_status":"closed","ping_status":"closed","template":"page-sidebar-on-left","meta":{"_monsterinsights_skip_tracking":false,"_monsterinsights_sitenote_active":false,"_monsterinsights_sitenote_note":"","_monsterinsights_sitenote_category":0,"footnotes":""},"class_list":["post-3","page","type-page","status-publish","hentry"],"_links":{"self":[{"href":"https:\/\/auto-baterie.ro\/index.php?rest_route=\/wp\/v2\/pages\/3","targetHints":{"allow":["GET"]}}],"collection":[{"href":"https:\/\/auto-baterie.ro\/index.php?rest_route=\/wp\/v2\/pages"}],"about":[{"href":"https:\/\/auto-baterie.ro\/index.php?rest_route=\/wp\/v2\/types\/page"}],"author":[{"embeddable":true,"href":"https:\/\/auto-baterie.ro\/index.php?rest_route=\/wp\/v2\/users\/1"}],"replies":[{"embeddable":true,"href":"https:\/\/auto-baterie.ro\/index.php?rest_route=%2Fwp%2Fv2%2Fcomments&post=3"}],"version-history":[{"count":11,"href":"https:\/\/auto-baterie.ro\/index.php?rest_route=\/wp\/v2\/pages\/3\/revisions"}],"predecessor-version":[{"id":700,"href":"https:\/\/auto-baterie.ro\/index.php?rest_route=\/wp\/v2\/pages\/3\/revisions\/700"}],"wp:attachment":[{"href":"https:\/\/auto-baterie.ro\/index.php?rest_route=%2Fwp%2Fv2%2Fmedia&parent=3"}],"curies":[{"name":"wp","href":"https:\/\/api.w.org\/{rel}","templated":true}]}}