{"id":643,"date":"2024-11-19T14:16:42","date_gmt":"2024-11-19T12:16:42","guid":{"rendered":"https:\/\/auto-baterie.ro\/?post_type=product&#038;p=643"},"modified":"2025-11-18T10:40:48","modified_gmt":"2025-11-18T08:40:48","slug":"baterie-auto-banner-running-bull-agm-start-stop-70ah","status":"publish","type":"product","link":"https:\/\/auto-baterie.ro\/?product=baterie-auto-banner-running-bull-agm-start-stop-70ah","title":{"rendered":"Baterie auto BANNER RUNNING BULL AGM start-stop 70Ah"},"content":{"rendered":"<p><span class=\"editor_headline_large\"><strong>RUNNING BULL AGM<\/strong><\/span><\/p>\n<p><span class=\"editor_headline_large editor_headline_small\">AGM PENTRU AUTOVEHICULE CU SISTEM <em>START\/STOP <\/em><\/span><span class=\"editor_headline_small\">CU RECUPERAREA ENERGIEI.<\/span><\/p>\n<p>Peste 95% dintre autovehiculele noi sunt dotate ast\u0103zi cu func\u0163ia start\/stop a motorului pentru a se ob\u0163ine economii de consum \u015fi reduceri durabile ale emisiilor, care s\u0103 corespund\u0103 obiectivele impuse la nivelul UE \u00een scopul emisiilor de CO2. \u00cen aceste autovehicule ecologice se utilizeaz\u0103 din principiu, dou\u0103 sisteme diferite de baterii de pornire: AGM (Absorbent Glass Mat) \u015fi EFB (Enhanced Flooded Battery). Utilizarea unei tehnologii corespunz\u0103toare depinde \u00een esen\u0163\u0103, de reducerea consumului de carburant \u015fi de reducerea emisiilor de CO2 care trebuie ob\u0163inute.<\/p>\n","protected":false},"excerpt":{"rendered":"<p>RUNNING BULL AGM AGM PENTRU AUTOVEHICULE CU SISTEM START\/STOP CU RECUPERAREA ENERGIEI. Peste 95% dintre autovehiculele noi sunt dotate ast\u0103zi cu func\u0163ia start\/stop a motorului pentru a se ob\u0163ine economii de consum \u015fi reduceri durabile ale emisiilor, care s\u0103 corespund\u0103 obiectivele impuse la nivelul UE \u00een scopul emisiilor de CO2. \u00cen aceste autovehicule ecologice se [&hellip;]<\/p>\n","protected":false},"featured_media":644,"comment_status":"open","ping_status":"closed","template":"","meta":{"_monsterinsights_skip_tracking":false,"_monsterinsights_sitenote_active":false,"_monsterinsights_sitenote_note":"","_monsterinsights_sitenote_category":0},"product_cat":[29],"product_tag":[],"class_list":{"0":"post-643","1":"product","2":"type-product","3":"status-publish","4":"has-post-thumbnail","6":"product_cat-baterii-auto","8":"first","9":"instock","10":"sale","11":"shipping-taxable","12":"purchasable","13":"product-type-variable"},"_links":{"self":[{"href":"https:\/\/auto-baterie.ro\/index.php?rest_route=\/wp\/v2\/product\/643","targetHints":{"allow":["GET"]}}],"collection":[{"href":"https:\/\/auto-baterie.ro\/index.php?rest_route=\/wp\/v2\/product"}],"about":[{"href":"https:\/\/auto-baterie.ro\/index.php?rest_route=\/wp\/v2\/types\/product"}],"replies":[{"embeddable":true,"href":"https:\/\/auto-baterie.ro\/index.php?rest_route=%2Fwp%2Fv2%2Fcomments&post=643"}],"wp:featuredmedia":[{"embeddable":true,"href":"https:\/\/auto-baterie.ro\/index.php?rest_route=\/wp\/v2\/media\/644"}],"wp:attachment":[{"href":"https:\/\/auto-baterie.ro\/index.php?rest_route=%2Fwp%2Fv2%2Fmedia&parent=643"}],"wp:term":[{"taxonomy":"product_cat","embeddable":true,"href":"https:\/\/auto-baterie.ro\/index.php?rest_route=%2Fwp%2Fv2%2Fproduct_cat&post=643"},{"taxonomy":"product_tag","embeddable":true,"href":"https:\/\/auto-baterie.ro\/index.php?rest_route=%2Fwp%2Fv2%2Fproduct_tag&post=643"}],"curies":[{"name":"wp","href":"https:\/\/api.w.org\/{rel}","templated":true}]}}